{"id":12,"date":"2025-09-21T11:19:25","date_gmt":"2025-09-21T11:19:25","guid":{"rendered":"https:\/\/sexualassistenz-melanie.ch\/?page_id=12"},"modified":"2025-10-29T17:48:07","modified_gmt":"2025-10-29T17:48:07","slug":"startseite","status":"publish","type":"page","link":"https:\/\/www.sexualassistenz-melanie.ch\/","title":{"rendered":"Startseite"},"content":{"rendered":"\n<div class=\"wp-block-columns is-layout-flex wp-container-core-columns-is-layout-7387b849 wp-block-columns-is-layout-flex\">\n<div class=\"wp-block-column is-layout-flow wp-block-column-is-layout-flow\" style=\"flex-basis:33.33%\">\n<div class=\"wp-block-uagb-image uagb-block-feb64088 wp-block-uagb-image--layout-default wp-block-uagb-image--effect-static wp-block-uagb-image--align-none\"><figure class=\"wp-block-uagb-image__figure\"><img decoding=\"async\" srcset=\"https:\/\/www.sexualassistenz-melanie.ch\/wp-content\/uploads\/2025\/09\/cropped-Melanie-2025-004-1-682x1024.png ,https:\/\/www.sexualassistenz-melanie.ch\/wp-content\/uploads\/2025\/09\/cropped-Melanie-2025-004-1.png 780w, https:\/\/www.sexualassistenz-melanie.ch\/wp-content\/uploads\/2025\/09\/cropped-Melanie-2025-004-1.png 360w\" sizes=\"auto, (max-width: 480px) 150px\" src=\"https:\/\/www.sexualassistenz-melanie.ch\/wp-content\/uploads\/2025\/09\/cropped-Melanie-2025-004-1-682x1024.png\" alt=\"\" class=\"uag-image-106\" width=\"682\" height=\"1024\" title=\"cropped-Melanie-2025-004-1.png\" loading=\"lazy\" role=\"img\"\/><\/figure><\/div>\n<\/div>\n\n\n\n<div class=\"wp-block-column is-layout-flow wp-block-column-is-layout-flow\" style=\"flex-basis:66.66%\">\n<p class=\"wp-block-paragraph\">Gesch\u00e4tzter Geniesser, sch\u00f6n dass du meine Seite gefunden hast<\/p>\n\n\n\n<p class=\"wp-block-paragraph\">Mit meiner Sexualassistenz unterst\u00fctzende ich Menschen mit sichtbaren und unsichtbaren Behinderungen, damit sie ihre Sexualit\u00e4t selbstbestimmt, respektvoll und ihren Bed\u00fcrfnissen entsprechend erleben k\u00f6nnen \u2013 mit meiner einf\u00fchlsamen und wertsch\u00e4tzenden Begleitung.<br><br>Da ich selbst von einer Behinderung betroffen bin, weiss ich ganz genau, wie es sich anf\u00fchlt, \u00abanders\u00bb zu sein, und ich helfe dir gerne dabei, deine Einzigartigkeit zu entfalten.<br><br>Gerne erobere ich dich auf meine verspielte Art. H\u00f6r darauf, was deine Lust sagt. Trau deiner Fantasie und lass uns gemeinsam ausbrechen.<br><br>Herzlichst, deine Mel<\/p>\n<\/div>\n<\/div>\n\n\n\n<h1 class=\"wp-block-heading\" id=\"Wer-bin-ich\">Wer bin ich<\/h1>\n\n\n\n<p class=\"wp-block-paragraph\">Unkompliziert, ausdrucksvoll, sinnlich und wissbegierig geh\u00f6ren zu meinen grossen Eigenschaften. Ich treibe sehr gerne Sport und mache auch Yoga.<br><br>Ich bin wie eine anschmiegsame Katze, die sich in deine sanften H\u00e4nde begibt und sich holt, was sie braucht.<\/p>\n\n\n\n<h1 class=\"wp-block-heading\" id=\"Mein-Aussehen\">Mein Aussehen<\/h1>\n\n\n\n<p class=\"wp-block-paragraph\">Alter: 39<br>Haarfarbe: blond<br>Gr\u00f6sse: 170 cm<br>Figur: sportlich, sehr schlank<br>Oberweite: A<br>Intimbehaarung: glattrasiert<\/p>\n\n\n\n<h1 class=\"wp-block-heading\" id=\"Was-biete-ich\">Was biete ich<\/h1>\n\n\n\n<p class=\"wp-block-paragraph\">Mein Assistenz-Angebot richtet sich an Menschen ab 18 Jahren und beinhalten liebevolle, sinnliche sowie erotische Begegnungen, die auf gegenseitigem Respekt und Kommunikation basieren.<br><br>Im Umgang mit Menschen mit einer psychischen Beeintr\u00e4chtigung habe ich viel Erfahrung. Ich habe aber absolut keine Ber\u00fchrungs\u00e4ngste gegen\u00fcber anderen Menschen mit einem Handicap.<br><br>Ich will gerne alle deine Sinneszellen anregen, dich sanft und lustvoll ber\u00fchren und tief unter die Haut gehen. Lass dich fallen und versinke immer tiefer in diesem wohligen Gef\u00fchl, bis dein inneres Feuer entfacht wird und dich zum Gl\u00fchen bringt.<\/p>\n\n\n\n<h2 class=\"wp-block-heading\" id=\"Meine-Regeln\">Meine Regeln<\/h2>\n\n\n\n<ul class=\"wp-block-list\">\n<li>Gegenseitiger Respekt ist die Basis unserer Interaktion.<\/li>\n\n\n\n<li>Eigene und fremde Grenzen sind jederzeit zu wahren.<\/li>\n\n\n\n<li>Die Einhaltung der Safer-Sex-Standards ist obligatorisch.<\/li>\n\n\n\n<li>Der Schutz der Intimsph\u00e4re ist eine gegenseitige Verpflichtung.<\/li>\n\n\n\n<li>Ich arbeite ausschliesslich nach Deinen Vorgaben.<\/li>\n<\/ul>\n\n\n\n<h1 class=\"wp-block-heading\" id=\"Unser-Date\">Unser Date<\/h1>\n\n\n\n<h2 class=\"wp-block-heading\" id=\"Ich-bin-besuchbar\">Ich bin besuchbar<\/h2>\n\n\n\n<p class=\"wp-block-paragraph\">Nach Absprache in der Ostschweiz. <\/p>\n\n\n\n<h2 class=\"wp-block-heading\" id=\"Ich-besuche-dich\">Ich besuche dich in der Region<\/h2>\n\n\n\n<p class=\"wp-block-paragraph\">F\u00fcr meine Anreise zu dir nachhause, zu deiner Institution oder in ein Hotel verrechne ich dir die effektiven Reisekosten zus\u00e4tzlich.<\/p>\n\n\n\n<p class=\"wp-block-paragraph\"><strong>Schweiz:<br><\/strong>Ostschweiz<br>S\u00fcdostschweiz<br>Z\u00fcrich<br>Aargau\/Solothurn<br>Zentralschweiz<br>Bern<br>Basel<\/p>\n\n\n\n<p class=\"wp-block-paragraph\"><strong>Benachbartes Ausland:<br><\/strong>S\u00fcd-Deutschland<br>Vorarlberg<\/p>\n\n\n\n<h1 class=\"wp-block-heading\" id=\"Feedback\">Erfahrungsberichte\/Feedback<\/h1>\n\n\n\n<p class=\"wp-block-paragraph\"><a href=\"https:\/\/www.sexualassistenz-melanie.ch\/index.php\/erfahrungsberichte\/\" data-type=\"page\" data-id=\"141\">Berichte<\/a><\/p>\n\n\n\n<h1 class=\"wp-block-heading\" id=\"Kontakt\">Kontakt<\/h1>\n\n\n\n<p class=\"wp-block-paragraph\">F\u00fcr eine Anfrage f\u00fclle bitte das Kontaktformular aus. <br>Ich antworte Dir so bald wie m\u00f6glich. Hinterlasse mir gerne Deine Telefonnummer, damit ich Dich f\u00fcr ein pers\u00f6nliches Gespr\u00e4ch anrufen kann.<\/p>\n\n\n<style id=\"wpforms-css-vars-94-block-7c4fd9d3-1ada-4c5b-b394-63a9de915d64\">\n\t\t\t\t#wpforms-94.wpforms-block-7c4fd9d3-1ada-4c5b-b394-63a9de915d64 {\n\t\t\t\t--wpforms-field-size-input-height: 43px;\n--wpforms-field-size-input-spacing: 15px;\n--wpforms-field-size-font-size: 16px;\n--wpforms-field-size-line-height: 19px;\n--wpforms-field-size-padding-h: 14px;\n--wpforms-field-size-checkbox-size: 16px;\n--wpforms-field-size-sublabel-spacing: 5px;\n--wpforms-field-size-icon-size: 1;\n--wpforms-label-size-font-size: 16px;\n--wpforms-label-size-line-height: 19px;\n--wpforms-label-size-sublabel-font-size: 14px;\n--wpforms-label-size-sublabel-line-height: 17px;\n--wpforms-button-size-font-size: 17px;\n--wpforms-button-size-height: 41px;\n--wpforms-button-size-padding-h: 15px;\n--wpforms-button-size-margin-top: 10px;\n\t\t\t}\n\t\t\t<\/style><div class=\"wpforms-container wpforms-container-full wpforms-block wpforms-block-7c4fd9d3-1ada-4c5b-b394-63a9de915d64 wpforms-render-modern\" id=\"wpforms-94\"><form id=\"wpforms-form-94\" class=\"wpforms-validate wpforms-form wpforms-ajax-form\" data-formid=\"94\" method=\"post\" enctype=\"multipart\/form-data\" action=\"\/index.php\/wp-json\/wp\/v2\/pages\/12\" data-token=\"dabf382f5c0f297ed8400038d6bdaf1d\" data-token-time=\"1777820753\"><noscript class=\"wpforms-error-noscript\">Bitte aktiviere JavaScript in deinem Browser, um dieses Formular fertigzustellen.<\/noscript><div id=\"wpforms-error-noscript\" style=\"display: none;\">Bitte aktiviere JavaScript in deinem Browser, um dieses Formular fertigzustellen.<\/div><div class=\"wpforms-field-container\"><div id=\"wpforms-94-field_1-container\" class=\"wpforms-field wpforms-field-name\" data-field-id=\"1\"><fieldset><legend class=\"wpforms-field-label\">Name <span class=\"wpforms-required-label\" aria-hidden=\"true\">*<\/span><\/legend><div class=\"wpforms-field-row wpforms-field-large\"><div class=\"wpforms-field-row-block wpforms-first wpforms-one-half\"><input type=\"text\" id=\"wpforms-94-field_1\" class=\"wpforms-field-name-first wpforms-field-required\" name=\"wpforms[fields][1][first]\" placeholder=\"Dein Vorname\" aria-errormessage=\"wpforms-94-field_1-error\" required><label for=\"wpforms-94-field_1\" class=\"wpforms-field-sublabel after wpforms-sublabel-hide\">Vorname<\/label><\/div><div class=\"wpforms-field-row-block wpforms-one-half\"><input type=\"text\" id=\"wpforms-94-field_1-last\" class=\"wpforms-field-name-last wpforms-field-required\" name=\"wpforms[fields][1][last]\" value=\".\" placeholder=\"Dein Nachname (oder ein Punkt.)\" aria-errormessage=\"wpforms-94-field_1-last-error\" required><label for=\"wpforms-94-field_1-last\" class=\"wpforms-field-sublabel after wpforms-sublabel-hide\">Nachname<\/label><\/div><\/div><\/fieldset><\/div><div id=\"wpforms-94-field_2-container\" class=\"wpforms-field wpforms-field-email\" data-field-id=\"2\"><fieldset><legend class=\"wpforms-field-label\">E-Mail-Adresse <span class=\"wpforms-required-label\" aria-hidden=\"true\">*<\/span><\/legend><div class=\"wpforms-field-row wpforms-field-medium\"><div class=\"wpforms-field-row-block wpforms-one-half wpforms-first\"><input type=\"email\" id=\"wpforms-94-field_2\" class=\"wpforms-field-required wpforms-field-email-primary\" name=\"wpforms[fields][2][primary]\" placeholder=\"Deine E-Mailadresse\" spellcheck=\"false\" aria-errormessage=\"wpforms-94-field_2-error\" required><label for=\"wpforms-94-field_2\" class=\"wpforms-field-sublabel after wpforms-sublabel-hide\">E-Mail-Adresse<\/label><\/div><div class=\"wpforms-field-row-block wpforms-one-half\"><input type=\"email\" id=\"wpforms-94-field_2-secondary\" class=\"wpforms-field-email-secondary wpforms-field-required\" data-rule-confirm=\"#wpforms-94-field_2\" name=\"wpforms[fields][2][secondary]\" placeholder=\"Bitte wiederhole deine E-Mailadresse\" spellcheck=\"false\" aria-errormessage=\"wpforms-94-field_2-secondary-error\" required><label for=\"wpforms-94-field_2-secondary\" class=\"wpforms-field-sublabel after wpforms-sublabel-hide\">E-Mail best\u00e4tigen<\/label><\/div><\/div><\/fieldset><\/div>\t\t<div id=\"wpforms-94-field_4-container\"\n\t\t\tclass=\"wpforms-field wpforms-field-text\"\n\t\t\tdata-field-type=\"text\"\n\t\t\tdata-field-id=\"4\"\n\t\t\t>\n\t\t\t<label class=\"wpforms-field-label\" for=\"wpforms-94-field_4\" >E-Mail-Adresse Telefonnummer Deine<\/label>\n\t\t\t<input type=\"text\" id=\"wpforms-94-field_4\" class=\"wpforms-field-medium\" name=\"wpforms[fields][4]\" >\n\t\t<\/div>\n\t\t<div id=\"wpforms-94-field_7-container\" class=\"wpforms-field wpforms-field-text\" data-field-id=\"7\"><label class=\"wpforms-field-label\" for=\"wpforms-94-field_7\">Deine Telefonnummer<\/label><input type=\"text\" id=\"wpforms-94-field_7\" class=\"wpforms-field-small\" name=\"wpforms[fields][7]\" placeholder=\"z. B. +41 (79) 000 00 00\" aria-errormessage=\"wpforms-94-field_7-error\" aria-describedby=\"wpforms-94-field_7-description\" ><div id=\"wpforms-94-field_7-description\" class=\"wpforms-field-description\">Gib mir deine Telefonnummer an, falls Du einen Anfruf von mir m\u00f6chtest.<\/div><\/div><div id=\"wpforms-94-field_3-container\" class=\"wpforms-field wpforms-field-textarea\" data-field-id=\"3\"><label class=\"wpforms-field-label\" for=\"wpforms-94-field_3\">Deine Nachricht <span class=\"wpforms-required-label\" aria-hidden=\"true\">*<\/span><\/label><textarea id=\"wpforms-94-field_3\" class=\"wpforms-field-large wpforms-field-required\" name=\"wpforms[fields][3]\" placeholder=\"Dein Text...\" aria-errormessage=\"wpforms-94-field_3-error\" required><\/textarea><\/div><script>\n\t\t\t\t( function() {\n\t\t\t\t\tconst style = document.createElement( 'style' );\n\t\t\t\t\tstyle.appendChild( document.createTextNode( '#wpforms-94-field_4-container { position: absolute !important; overflow: hidden !important; display: inline !important; height: 1px !important; width: 1px !important; z-index: -1000 !important; padding: 0 !important; } #wpforms-94-field_4-container input { visibility: hidden; } #wpforms-conversational-form-page #wpforms-94-field_4-container label { counter-increment: none; }' ) );\n\t\t\t\t\tdocument.head.appendChild( style );\n\t\t\t\t\tdocument.currentScript?.remove();\n\t\t\t\t} )();\n\t\t\t<\/script><\/div><!-- .wpforms-field-container --><div class=\"wpforms-recaptcha-container wpforms-is-hcaptcha\" ><div class=\"h-captcha\" data-sitekey=\"f18c1570-611e-43ba-8cf8-1bb24de0f2f0\"><\/div><input type=\"text\" name=\"g-recaptcha-hidden\" class=\"wpforms-recaptcha-hidden\" style=\"position:absolute!important;clip:rect(0,0,0,0)!important;height:1px!important;width:1px!important;border:0!important;overflow:hidden!important;padding:0!important;margin:0!important;\" data-rule-hcaptcha=\"1\"><\/div><div class=\"wpforms-submit-container\" ><input type=\"hidden\" name=\"wpforms[id]\" value=\"94\"><input type=\"hidden\" name=\"page_title\" value=\"\"><input type=\"hidden\" name=\"page_url\" value=\"https:\/\/www.sexualassistenz-melanie.ch\/index.php\/wp-json\/wp\/v2\/pages\/12\"><input type=\"hidden\" name=\"url_referer\" value=\"\"><button type=\"submit\" name=\"wpforms[submit]\" id=\"wpforms-submit-94\" class=\"wpforms-submit\" data-alt-text=\"Wird gesendet\u00a0\u2026\" data-submit-text=\"Absenden\" aria-live=\"assertive\" value=\"wpforms-submit\">Absenden<\/button><img loading=\"lazy\" decoding=\"async\" src=\"https:\/\/www.sexualassistenz-melanie.ch\/wp-content\/plugins\/wpforms-lite\/assets\/images\/submit-spin.svg\" class=\"wpforms-submit-spinner\" style=\"display: none;\" width=\"26\" height=\"26\" alt=\"Wird geladen\"><\/div><\/form><\/div>  <!-- .wpforms-container -->\n\n\n<p class=\"wp-block-paragraph\"><a href=\"https:\/\/sexualassistenz-melanie.ch\/index.php\/startseite\/\" target=\"_blank\" rel=\"noreferrer noopener\"><\/a><\/p>\n","protected":false},"excerpt":{"rendered":"<p>Gesch\u00e4tzter Geniesser, sch\u00f6n dass du meine Seite gefunden hast Mit meiner Sexualassistenz unterst\u00fctzende ich Menschen mit sichtbaren und unsichtbaren Behinderungen, [&hellip;]<\/p>\n","protected":false},"author":1,"featured_media":106,"parent":0,"menu_order":0,"comment_status":"closed","ping_status":"closed","template":"","meta":{"_crdt_document":"","_uag_custom_page_level_css":"","site-sidebar-layout":"default","site-content-layout":"","ast-site-content-layout":"default","site-content-style":"default","site-sidebar-style":"default","ast-global-header-display":"","ast-banner-title-visibility":"","ast-main-header-display":"","ast-hfb-above-header-display":"","ast-hfb-below-header-display":"","ast-hfb-mobile-header-display":"","site-post-title":"disabled","ast-breadcrumbs-content":"","ast-featured-img":"disabled","footer-sml-layout":"","ast-disable-related-posts":"","theme-transparent-header-meta":"","adv-header-id-meta":"","stick-header-meta":"","header-above-stick-meta":"","header-main-stick-meta":"","header-below-stick-meta":"","astra-migrate-meta-layouts":"default","ast-page-background-enabled":"default","ast-page-background-meta":{"desktop":{"background-color":"var(--ast-global-color-5)","background-image":"","background-repeat":"repeat","background-position":"center center","background-size":"auto","background-attachment":"scroll","background-type":"","background-media":"","overlay-type":"","overlay-color":"","overlay-opacity":"","overlay-gradient":""},"tablet":{"background-color":"","background-image":"","background-repeat":"repeat","background-position":"center center","background-size":"auto","background-attachment":"scroll","background-type":"","background-media":"","overlay-type":"","overlay-color":"","overlay-opacity":"","overlay-gradient":""},"mobile":{"background-color":"","background-image":"","background-repeat":"repeat","background-position":"center center","background-size":"auto","background-attachment":"scroll","background-type":"","background-media":"","overlay-type":"","overlay-color":"","overlay-opacity":"","overlay-gradient":""}},"ast-content-background-meta":{"desktop":{"background-color":"var(--ast-global-color-4)","background-image":"","background-repeat":"repeat","background-position":"center center","background-size":"auto","background-attachment":"scroll","background-type":"","background-media":"","overlay-type":"","overlay-color":"","overlay-opacity":"","overlay-gradient":""},"tablet":{"background-color":"var(--ast-global-color-4)","background-image":"","background-repeat":"repeat","background-position":"center center","background-size":"auto","background-attachment":"scroll","background-type":"","background-media":"","overlay-type":"","overlay-color":"","overlay-opacity":"","overlay-gradient":""},"mobile":{"background-color":"var(--ast-global-color-4)","background-image":"","background-repeat":"repeat","background-position":"center center","background-size":"auto","background-attachment":"scroll","background-type":"","background-media":"","overlay-type":"","overlay-color":"","overlay-opacity":"","overlay-gradient":""}},"footnotes":""},"class_list":["post-12","page","type-page","status-publish","has-post-thumbnail","hentry"],"aioseo_notices":[],"uagb_featured_image_src":{"full":["https:\/\/www.sexualassistenz-melanie.ch\/wp-content\/uploads\/2025\/09\/cropped-Melanie-2025-004-1.png",799,1199,false],"thumbnail":["https:\/\/www.sexualassistenz-melanie.ch\/wp-content\/uploads\/2025\/09\/cropped-Melanie-2025-004-1-150x150.png",150,150,true],"medium":["https:\/\/www.sexualassistenz-melanie.ch\/wp-content\/uploads\/2025\/09\/cropped-Melanie-2025-004-1-200x300.png",200,300,true],"medium_large":["https:\/\/www.sexualassistenz-melanie.ch\/wp-content\/uploads\/2025\/09\/cropped-Melanie-2025-004-1-768x1152.png",768,1152,true],"large":["https:\/\/www.sexualassistenz-melanie.ch\/wp-content\/uploads\/2025\/09\/cropped-Melanie-2025-004-1-682x1024.png",682,1024,true],"1536x1536":["https:\/\/www.sexualassistenz-melanie.ch\/wp-content\/uploads\/2025\/09\/cropped-Melanie-2025-004-1.png",799,1199,false],"2048x2048":["https:\/\/www.sexualassistenz-melanie.ch\/wp-content\/uploads\/2025\/09\/cropped-Melanie-2025-004-1.png",799,1199,false]},"uagb_author_info":{"display_name":"admin","author_link":"https:\/\/www.sexualassistenz-melanie.ch\/index.php\/author\/ueli-wp-admin\/"},"uagb_comment_info":0,"uagb_excerpt":"Gesch\u00e4tzter Geniesser, sch\u00f6n dass du meine Seite gefunden hast Mit meiner Sexualassistenz unterst\u00fctzende ich Menschen mit sichtbaren und unsichtbaren Behinderungen, [&hellip;]","_links":{"self":[{"href":"https:\/\/www.sexualassistenz-melanie.ch\/index.php\/wp-json\/wp\/v2\/pages\/12","targetHints":{"allow":["GET"]}}],"collection":[{"href":"https:\/\/www.sexualassistenz-melanie.ch\/index.php\/wp-json\/wp\/v2\/pages"}],"about":[{"href":"https:\/\/www.sexualassistenz-melanie.ch\/index.php\/wp-json\/wp\/v2\/types\/page"}],"author":[{"embeddable":true,"href":"https:\/\/www.sexualassistenz-melanie.ch\/index.php\/wp-json\/wp\/v2\/users\/1"}],"replies":[{"embeddable":true,"href":"https:\/\/www.sexualassistenz-melanie.ch\/index.php\/wp-json\/wp\/v2\/comments?post=12"}],"version-history":[{"count":42,"href":"https:\/\/www.sexualassistenz-melanie.ch\/index.php\/wp-json\/wp\/v2\/pages\/12\/revisions"}],"predecessor-version":[{"id":166,"href":"https:\/\/www.sexualassistenz-melanie.ch\/index.php\/wp-json\/wp\/v2\/pages\/12\/revisions\/166"}],"wp:featuredmedia":[{"embeddable":true,"href":"https:\/\/www.sexualassistenz-melanie.ch\/index.php\/wp-json\/wp\/v2\/media\/106"}],"wp:attachment":[{"href":"https:\/\/www.sexualassistenz-melanie.ch\/index.php\/wp-json\/wp\/v2\/media?parent=12"}],"curies":[{"name":"wp","href":"https:\/\/api.w.org\/{rel}","templated":true}]}}