{"id":141,"date":"2025-10-22T18:46:34","date_gmt":"2025-10-22T18:46:34","guid":{"rendered":"https:\/\/www.sexualassistenz-melanie.ch\/?page_id=141"},"modified":"2025-10-29T17:21:11","modified_gmt":"2025-10-29T17:21:11","slug":"erfahrungsberichte","status":"publish","type":"page","link":"https:\/\/www.sexualassistenz-melanie.ch\/index.php\/erfahrungsberichte\/","title":{"rendered":"Erfahrungsberichte"},"content":{"rendered":"\n<p class=\"wp-block-paragraph\"><\/p>\n\n\n\n<h1 class=\"wp-block-heading\" id=\"Feedback\">Erfahrungsberichte\/Feedback<\/h1>\n\n\n\n<h4 class=\"wp-block-heading\">Melanie brachte mir das Lachen wieder bei \u2013 Herbst 2025<\/h4>\n\n\n\n<p class=\"wp-block-paragraph\">Bin chronisch Depressiv, und das viel Kraft.<br>Als ich mich endlich nach dem langen hin und her getraute, Kontakt mit Melanie aufzunehmen, konnte ich noch nicht ahnen das dass beste gewesen ist was mir passieren konnte.<br><br>Sie hat mir geholfen und es geschafft, dass ich wieder Lachen und das k\u00f6rperliche erleben konnte und auch sehr viel Spass dabei hatte, auch f\u00fcr die ernsten Gespr\u00e4che m\u00f6chte Dir Danken.<br>Werde mich ganz sicher wieder bei Melanie melden.<br>Das Gef\u00fchl der Unbeschwertheit Spass , Lachen mit Dir m\u00f6chte nicht mehr vermissen.<br>Sie ist sehr einf\u00fchlsam und kann sehr gut auf die jeweiligen Bed\u00fcrfnisse eingehen.<br><br>Herzlichen Dank Melanie f\u00fcr die ganz sch\u00f6nen Stunden die ich mit<br>Dir haben durfte. Melde mich ganz sicher wieder.<br><br>Dein Butterbr\u00f6tchen<\/p>\n\n\n\n<h4 class=\"wp-block-heading\">Feedback einer Mutter \u2013 Sommer 2025<\/h4>\n\n\n\n<p class=\"wp-block-paragraph\">Als Mutter eines erwachsenen, schwerbehinderten Sohnes musste ich lange suchen, um mit Melanie eine sehr einf\u00fchlsame und ausgesprochen liebe Begleiterin f\u00fcr ihn zu finden. Sie erm\u00f6glicht meinem Sohn trotz seiner Behinderung Z\u00e4rtlichkeit, Ber\u00fchrung, N\u00e4he und Sexualit\u00e4t zu erfahren, was ihm sehr gut tut, ihn reifen l\u00e4sst und sein K\u00f6rpergef\u00fchl verbessert.<br><br>Melanie ist uns eine liebe Freundin geworden und wir sind dankbar f\u00fcr das entspannte, offene und gef\u00fchlvolle Miteinander.<br><br>Sie lebt durch ihre besondere Art einen wichtigen Teil der Inklusion vor, der in der Gesellschaft v\u00f6llig ignoriert wird. Denn auch Menschen mit Handicaps haben den Wunsch und das Bed\u00fcrfnis nach Z\u00e4rtlichkeit und Ber\u00fchrung. Und dies darf mein Sohn dank Melanie genie\u00dfen.<br><br>Merci Melanie<\/p>\n\n\n\n<h4 class=\"wp-block-heading\">Ektase mit Melanie<br>Beitrag von M\u00f6lk \u2013 Herbst 2022<\/h4>\n\n\n\n<p class=\"wp-block-paragraph\">Ich bin schon vor einiger Zeit, durch die Website von Melanie aufmerksam geworden.<br><br>Da Melanie aus der Ostschweiz stammt und ich dort im September 2022 Ferien machte, war es endlich so weit, sie treffen zu k\u00f6nnen.<br><br>Wir trafen uns im Hotel und Melanie gab mir ab der ersten Minute das Gef\u00fchl, mehr als nur ein Kunde f\u00fcr sie zu sein. Wir zogen uns aus und genossen zuerst die gemeinsame Dusche, bei der ich ihre sehr schlanke Figur bestaunen und erforschen durfte.<br><br>Danach machten wir uns auf dem Bett gem\u00fctlich und ich wurde positiv von Melanies Offenheit, Einf\u00fchlsamkeit und Ihrer Spontanit\u00e4t \u00fcberrascht. Da ich mit meiner Cerebral Parese in der Aktivit\u00e4t etwas eingeschr\u00e4nkt bin, kam uns nat\u00fcrlich ihre enorme Beweglichkeit und Akrobatik zugute.<br><br>Ich hatte in meinem bisherigen \u00abSex\u00bb-Leben schon einige Gespielinnen, aber was Melanie mir mit ihrer Hingabe gegeben hat, mit Worte beschreiben noch habe ich so was zuvor je erlebt d\u00fcrfen.<br><br>Nach unserer gewollten und ungewollten Akrobatik (ungeeignetes Hotel-Bett \ud83d\ude06 ), haben wir im Restaurant ein gemeinsames Kaffee genossen und uns anschliessend verabschiedet und vereinbart, uns Anfangs 2023 wiederzusehen.<br><br>F\u00fcr die Herzlichkeit von Melanie spricht auch, dass wir seit unserem 1. Date vor rund drei Wochen in Kontakt geblieben sind und uns k\u00fcrzlich zu einem Kaffee in meiner Stadt getroffen haben.<br><br>Geheimtipp: Wer Melanie eine Freude machen will, bringt ihr einen s\u00fcssen, frischen Nussgipfel mit.<\/p>\n\n\n\n<h4 class=\"wp-block-heading\">Mein Spa-Besuch mit Melanie \u2013 ein nasses Vergn\u00fcgen!<br>Beitrag von Roman92 \u2013 Herbst 2021<\/h4>\n\n\n\n<p class=\"wp-block-paragraph\">Mitte November war ich mit meiner Sexualbegleiterin Melanie, die ich nun schon seit fast drei Jahren kenne, in einem Privat-Spa im Kanton St. Gallen.<br><br>Ich war gespannt darauf, was mich dort erwarten w\u00fcrde, und glaubt mir, ich wurde nicht entt\u00e4uscht.<br><br>Nachdem wir die T\u00fcr zum Wellnessraum hinter uns abgeschlossen hatten, zogen wir uns aus und g\u00f6nnten uns als Erstes eine erfrischende Dusche.<br><br>Kurz darauf setzten wir uns in den grossen Whirlpool und liessen uns vom sprudelnden Wasser verw\u00f6hnen.<br><br>Ich wusste sofort: In diesem Whirlpool w\u00e4re ich am liebsten den ganzen Tag geblieben, so wohl f\u00fchlte ich ich darin.<br><br>Und wenn dann noch eine so sch\u00f6ne Frau wie Melanie bei mir ist und meinen steifen Penis unter Wasser mit ihren geschickten H\u00e4nden verw\u00f6hnt, f\u00fchlt es sich f\u00fcr mich sowieso an wie im Paradies\u2026<br><br>Es h\u00e4tte in jenem Spa sogar noch eine Sauna gehabt, aber leider blieb uns keine Zeit mehr, um sie zu benutzen.<br><br>Daf\u00fcr vergn\u00fcgten wir uns noch etwa zehn Minuten lang auf der grossz\u00fcgigen Liegefl\u00e4che miteinander\u2026<br><br>Wie schon gesagt, im Whirlpool w\u00e4re ich am liebsten den ganzen Tag geblieben, und ich verliess ihn erst, als mich Melanie dazu aufforderte, nochmals mit ihr zu duschen. Dieser Aufforderung kam ich nat\u00fcrlich gerne nach\u2026<br><br>Nachdem wir uns geduscht, abgetrocknet und angezogen hatten, machten wir im Spa noch schnell sauber, bevor wir die T\u00fcr zum Wellnessraum hinter uns schlossen.<br><br>In jenem Moment dachte ich mir: Hoffentlich darf ich diesen sch\u00f6nen Ort mit Melanie schon bald wieder besuchen. Und Melanie versicherte mir, dass dies m\u00f6glich sein wird.<br><br>Danach fuhren wir noch ein St\u00fcck weit zusammen Zug und Bus, bevor wir uns am Bahnhof St. Gallen mit einem K\u00fcsschen und einer herzlichen Umarmung voneinander verabschiedeten.<br><br>Jener Tag \u2013 ein Montag \u2013 war f\u00fcr mich ein sehr sch\u00f6ner Start in die Woche, und ich wusste genau, dass ich mit Melanie bald wieder etwas unternehmen m\u00f6chte.<br><br>Einen Spa-Besuch mit Melanie kann ich nur w\u00e4rmstens empfehlen. \u00dcberhaupt kennt sie viele sch\u00f6ne Orte, die es sich zu entdecken lohnt.<br><br>Obwohl ich Melanie nun schon seit drei Jahren immer wieder treffe, ist es mir mit ihr noch nie langweilig geworden. Und ich bin mir sicher, dass ich mit ihr noch viele sch\u00f6ne Dinge erleben werde.<br><br>So viel f\u00fcr den Moment. Bleibt gesund und neugierig und geniesst das Leben in vollen Z\u00fcgen!<br><br>Liebe Gr\u00fcsse, Roman<\/p>\n\n\n\n<p class=\"wp-block-paragraph\"><\/p>\n\n\n\n<p class=\"wp-block-paragraph\"><a href=\"https:\/\/sexualassistenz-melanie.ch\/index.php\/startseite\/\" target=\"_blank\" rel=\"noreferrer noopener\"><\/a><\/p>\n","protected":false},"excerpt":{"rendered":"<p>Erfahrungsberichte\/Feedback Melanie brachte mir das Lachen wieder bei \u2013 Herbst 2025 Bin chronisch Depressiv, und das viel Kraft.Als ich mich [&hellip;]<\/p>\n","protected":false},"author":1,"featured_media":0,"parent":0,"menu_order":0,"comment_status":"closed","ping_status":"closed","template":"","meta":{"_crdt_document":"","_uag_custom_page_level_css":"","site-sidebar-layout":"default","site-content-layout":"","ast-site-content-layout":"default","site-content-style":"default","site-sidebar-style":"default","ast-global-header-display":"","ast-banner-title-visibility":"","ast-main-header-display":"","ast-hfb-above-header-display":"","ast-hfb-below-header-display":"","ast-hfb-mobile-header-display":"","site-post-title":"disabled","ast-breadcrumbs-content":"","ast-featured-img":"","footer-sml-layout":"","ast-disable-related-posts":"","theme-transparent-header-meta":"","adv-header-id-meta":"","stick-header-meta":"","header-above-stick-meta":"","header-main-stick-meta":"","header-below-stick-meta":"","astra-migrate-meta-layouts":"default","ast-page-background-enabled":"default","ast-page-background-meta":{"desktop":{"background-color":"var(--ast-global-color-5)","background-image":"","background-repeat":"repeat","background-position":"center center","background-size":"auto","background-attachment":"scroll","background-type":"","background-media":"","overlay-type":"","overlay-color":"","overlay-opacity":"","overlay-gradient":""},"tablet":{"background-color":"","background-image":"","background-repeat":"repeat","background-position":"center center","background-size":"auto","background-attachment":"scroll","background-type":"","background-media":"","overlay-type":"","overlay-color":"","overlay-opacity":"","overlay-gradient":""},"mobile":{"background-color":"","background-image":"","background-repeat":"repeat","background-position":"center center","background-size":"auto","background-attachment":"scroll","background-type":"","background-media":"","overlay-type":"","overlay-color":"","overlay-opacity":"","overlay-gradient":""}},"ast-content-background-meta":{"desktop":{"background-color":"var(--ast-global-color-4)","background-image":"","background-repeat":"repeat","background-position":"center center","background-size":"auto","background-attachment":"scroll","background-type":"","background-media":"","overlay-type":"","overlay-color":"","overlay-opacity":"","overlay-gradient":""},"tablet":{"background-color":"var(--ast-global-color-4)","background-image":"","background-repeat":"repeat","background-position":"center center","background-size":"auto","background-attachment":"scroll","background-type":"","background-media":"","overlay-type":"","overlay-color":"","overlay-opacity":"","overlay-gradient":""},"mobile":{"background-color":"var(--ast-global-color-4)","background-image":"","background-repeat":"repeat","background-position":"center center","background-size":"auto","background-attachment":"scroll","background-type":"","background-media":"","overlay-type":"","overlay-color":"","overlay-opacity":"","overlay-gradient":""}},"footnotes":""},"class_list":["post-141","page","type-page","status-publish","hentry"],"aioseo_notices":[],"uagb_featured_image_src":{"full":false,"thumbnail":false,"medium":false,"medium_large":false,"large":false,"1536x1536":false,"2048x2048":false},"uagb_author_info":{"display_name":"admin","author_link":"https:\/\/www.sexualassistenz-melanie.ch\/index.php\/author\/ueli-wp-admin\/"},"uagb_comment_info":0,"uagb_excerpt":"Erfahrungsberichte\/Feedback Melanie brachte mir das Lachen wieder bei \u2013 Herbst 2025 Bin chronisch Depressiv, und das viel Kraft.Als ich mich [&hellip;]","_links":{"self":[{"href":"https:\/\/www.sexualassistenz-melanie.ch\/index.php\/wp-json\/wp\/v2\/pages\/141","targetHints":{"allow":["GET"]}}],"collection":[{"href":"https:\/\/www.sexualassistenz-melanie.ch\/index.php\/wp-json\/wp\/v2\/pages"}],"about":[{"href":"https:\/\/www.sexualassistenz-melanie.ch\/index.php\/wp-json\/wp\/v2\/types\/page"}],"author":[{"embeddable":true,"href":"https:\/\/www.sexualassistenz-melanie.ch\/index.php\/wp-json\/wp\/v2\/users\/1"}],"replies":[{"embeddable":true,"href":"https:\/\/www.sexualassistenz-melanie.ch\/index.php\/wp-json\/wp\/v2\/comments?post=141"}],"version-history":[{"count":2,"href":"https:\/\/www.sexualassistenz-melanie.ch\/index.php\/wp-json\/wp\/v2\/pages\/141\/revisions"}],"predecessor-version":[{"id":143,"href":"https:\/\/www.sexualassistenz-melanie.ch\/index.php\/wp-json\/wp\/v2\/pages\/141\/revisions\/143"}],"wp:attachment":[{"href":"https:\/\/www.sexualassistenz-melanie.ch\/index.php\/wp-json\/wp\/v2\/media?parent=141"}],"curies":[{"name":"wp","href":"https:\/\/api.w.org\/{rel}","templated":true}]}}